{"id":12915,"date":"2025-11-17T16:08:18","date_gmt":"2025-11-17T21:08:18","guid":{"rendered":"https:\/\/cabico.com\/?post_type=product&#038;p=12915"},"modified":"2025-11-17T16:45:14","modified_gmt":"2025-11-17T21:45:14","slug":"wella","status":"publish","type":"product","link":"https:\/\/cabico.com\/fr\/product\/wella\/","title":{"rendered":"Wella"},"content":{"rendered":"<p>Avec son cadre mince et ses proportions raffin\u00e9es, Wella offre une nouvelle interpr\u00e9tation du style shaker classique. Fabriqu\u00e9 en bois massif, il offre une pr\u00e9sence \u00e9pur\u00e9e, intemporelle et polyvalente, apportant chaleur et flexibilit\u00e9 \u00e0 une vari\u00e9t\u00e9 d'int\u00e9rieurs.<\/p>\n\n\n\n<p><\/p>","protected":false},"featured_media":12926,"menu_order":0,"template":"","product-serie":[66],"product-type":[74],"product-category":[80],"class_list":["post-12915","product","type-product","status-publish","has-post-thumbnail","hentry","product-serie-essence-by-cabico","product-type-door-styles","product-category-applied-moulding"],"meta_box":{"lightbeans_code":"wella-oak-aroma"},"_links":{"self":[{"href":"https:\/\/cabico.com\/fr\/wp-json\/wp\/v2\/product\/12915","targetHints":{"allow":["GET"]}}],"collection":[{"href":"https:\/\/cabico.com\/fr\/wp-json\/wp\/v2\/product"}],"about":[{"href":"https:\/\/cabico.com\/fr\/wp-json\/wp\/v2\/types\/product"}],"version-history":[{"count":1,"href":"https:\/\/cabico.com\/fr\/wp-json\/wp\/v2\/product\/12915\/revisions"}],"predecessor-version":[{"id":12922,"href":"https:\/\/cabico.com\/fr\/wp-json\/wp\/v2\/product\/12915\/revisions\/12922"}],"wp:featuredmedia":[{"embeddable":true,"href":"https:\/\/cabico.com\/fr\/wp-json\/wp\/v2\/media\/12926"}],"wp:attachment":[{"href":"https:\/\/cabico.com\/fr\/wp-json\/wp\/v2\/media?parent=12915"}],"wp:term":[{"taxonomy":"product-serie","embeddable":true,"href":"https:\/\/cabico.com\/fr\/wp-json\/wp\/v2\/product-serie?post=12915"},{"taxonomy":"product-type","embeddable":true,"href":"https:\/\/cabico.com\/fr\/wp-json\/wp\/v2\/product-type?post=12915"},{"taxonomy":"product-category","embeddable":true,"href":"https:\/\/cabico.com\/fr\/wp-json\/wp\/v2\/product-category?post=12915"}],"curies":[{"name":"wp","href":"https:\/\/api.w.org\/{rel}","templated":true}]}}